{"id":2890,"date":"2021-03-02T13:57:38","date_gmt":"2021-03-02T16:57:38","guid":{"rendered":"http:\/\/vetex.vet.br\/blog\/?page_id=2890"},"modified":"2021-03-02T14:24:45","modified_gmt":"2021-03-02T17:24:45","slug":"sobre","status":"publish","type":"page","link":"https:\/\/vetex.vet.br\/blog\/sobre\/","title":{"rendered":"Sobre"},"content":{"rendered":"\n<div class=\"wp-block-group\"><div class=\"wp-block-group__inner-container is-layout-flow wp-block-group-is-layout-flow\">\n<div class=\"wp-block-columns is-layout-flex wp-container-core-columns-is-layout-9d6595d7 wp-block-columns-is-layout-flex\">\n<div class=\"wp-block-column is-layout-flow wp-block-column-is-layout-flow\">\n<p>O Blog do VETEX \u00e9 dedicado a autores de artigos relacionados ao universo pet. Veja quem escreve aqui:<\/p>\n<\/div>\n<\/div>\n<\/div><\/div>\n\n\n\n<div class=\"wp-block-columns is-layout-flex wp-container-core-columns-is-layout-9d6595d7 wp-block-columns-is-layout-flex\">\n<div class=\"wp-block-column is-layout-flow wp-block-column-is-layout-flow\">\n<div class=\"wp-block-image\"><figure class=\"aligncenter size-large\"><img loading=\"lazy\" decoding=\"async\" width=\"446\" height=\"445\" src=\"https:\/\/vetex.vet.br\/blog\/wp-content\/uploads\/2021\/01\/logo-author-matilha-brasil.jpg\" alt=\"logo author matilha brasil\" class=\"wp-image-2788\" srcset=\"https:\/\/vetex.vet.br\/blog\/wp-content\/uploads\/2021\/01\/logo-author-matilha-brasil.jpg 446w, https:\/\/vetex.vet.br\/blog\/wp-content\/uploads\/2021\/01\/logo-author-matilha-brasil-300x300.jpg 300w, https:\/\/vetex.vet.br\/blog\/wp-content\/uploads\/2021\/01\/logo-author-matilha-brasil-150x150.jpg 150w\" sizes=\"auto, (max-width: 446px) 100vw, 446px\" \/><\/figure><\/div>\n\n\n\n<h3 class=\"wp-block-heading\">Matilha Brasil<\/h3>\n\n\n\n<p>Um grupo de dogs do Instagram unidos em torno de um calend\u00e1rio de a\u00e7\u00f5es diferentonas e dispostos a surpreender os seguidores e mudar a cara das a\u00e7\u00f5es no Mercado Pet!<\/p>\n\n\n\n<div style=\"height:32px\" aria-hidden=\"true\" class=\"wp-block-spacer\"><\/div>\n<\/div>\n\n\n\n<div class=\"wp-block-column is-layout-flow wp-block-column-is-layout-flow\">\n<div class=\"wp-block-image\"><figure class=\"aligncenter size-large\"><img loading=\"lazy\" decoding=\"async\" width=\"446\" height=\"445\" src=\"https:\/\/vetex.vet.br\/blog\/wp-content\/uploads\/2021\/01\/logo-author-ursinhos-chow-chow.jpg\" alt=\"logo author ursinhos chow chow\" class=\"wp-image-2790\" srcset=\"https:\/\/vetex.vet.br\/blog\/wp-content\/uploads\/2021\/01\/logo-author-ursinhos-chow-chow.jpg 446w, https:\/\/vetex.vet.br\/blog\/wp-content\/uploads\/2021\/01\/logo-author-ursinhos-chow-chow-300x300.jpg 300w, https:\/\/vetex.vet.br\/blog\/wp-content\/uploads\/2021\/01\/logo-author-ursinhos-chow-chow-150x150.jpg 150w\" sizes=\"auto, (max-width: 446px) 100vw, 446px\" \/><\/figure><\/div>\n\n\n\n<h3 class=\"wp-block-heading\">Ursinhos ChowChow<\/h3>\n\n\n\n<p>Prince e Maya, os Ursinhos ChowChow do Instagram e Blogueirinhos. Escrevem posts com dicas de Pet pra Pet, cheio de aventuras, alegria e surpresa.<\/p>\n\n\n\n<div style=\"height:32px\" aria-hidden=\"true\" class=\"wp-block-spacer\"><\/div>\n<\/div>\n\n\n\n<div class=\"wp-block-column is-layout-flow wp-block-column-is-layout-flow\">\n<div class=\"wp-block-image\"><figure class=\"aligncenter size-large\"><img loading=\"lazy\" decoding=\"async\" width=\"446\" height=\"445\" src=\"https:\/\/vetex.vet.br\/blog\/wp-content\/uploads\/2021\/01\/logo-author-equipe-vetex.jpg\" alt=\"logo author equipe vetex\" class=\"wp-image-2792\" srcset=\"https:\/\/vetex.vet.br\/blog\/wp-content\/uploads\/2021\/01\/logo-author-equipe-vetex.jpg 446w, https:\/\/vetex.vet.br\/blog\/wp-content\/uploads\/2021\/01\/logo-author-equipe-vetex-300x300.jpg 300w, https:\/\/vetex.vet.br\/blog\/wp-content\/uploads\/2021\/01\/logo-author-equipe-vetex-150x150.jpg 150w\" sizes=\"auto, (max-width: 446px) 100vw, 446px\" \/><\/figure><\/div>\n\n\n\n<h3 class=\"wp-block-heading\">Equipe Vetex<\/h3>\n\n\n\n<p>Equipe de profissionais do Vetex Laborat\u00f3rio Veterin\u00e1rio, escreve sobre assuntos t\u00e9cnicos voltados para profissionais da Medicina Veterin\u00e1ria.<\/p>\n\n\n\n<div style=\"height:32px\" aria-hidden=\"true\" class=\"wp-block-spacer\"><\/div>\n<\/div>\n<\/div>\n\n\n\n<p><\/p>\n","protected":false},"excerpt":{"rendered":"<p>O Blog do VETEX \u00e9 dedicado a autores de artigos relacionados ao universo pet. Veja quem escreve aqui: Matilha Brasil Um grupo de dogs do Instagram unidos em torno de um calend\u00e1rio de a\u00e7\u00f5es diferentonas e dispostos a surpreender os seguidores e mudar a cara das a\u00e7\u00f5es no Mercado Pet! Ursinhos ChowChow Prince e Maya,&hellip;&nbsp;<a href=\"https:\/\/vetex.vet.br\/blog\/sobre\/\" class=\"\" rel=\"bookmark\">Continue a ler &raquo;<span class=\"screen-reader-text\">Sobre<\/span><\/a><\/p>\n","protected":false},"author":1,"featured_media":0,"parent":0,"menu_order":0,"comment_status":"closed","ping_status":"closed","template":"","meta":{"neve_meta_sidebar":"","neve_meta_container":"","neve_meta_enable_content_width":"","neve_meta_content_width":0,"neve_meta_title_alignment":"","neve_meta_author_avatar":"","neve_post_elements_order":"","neve_meta_disable_header":"","neve_meta_disable_footer":"","neve_meta_disable_title":"","footnotes":""},"class_list":["post-2890","page","type-page","status-publish","hentry"],"yoast_head":"<!-- This site is optimized with the Yoast SEO plugin v16.6.1 - https:\/\/yoast.com\/wordpress\/plugins\/seo\/ -->\n<title>Sobre - Blog VETEX<\/title>\n<meta name=\"robots\" content=\"index, follow, max-snippet:-1, max-image-preview:large, max-video-preview:-1\" \/>\n<link rel=\"canonical\" href=\"https:\/\/vetex.vet.br\/blog\/sobre\/\" \/>\n<meta property=\"og:locale\" content=\"pt_BR\" \/>\n<meta property=\"og:type\" content=\"article\" \/>\n<meta property=\"og:title\" content=\"Sobre - Blog VETEX\" \/>\n<meta property=\"og:description\" content=\"O Blog do VETEX \u00e9 dedicado a autores de artigos relacionados ao universo pet. Veja quem escreve aqui: Matilha Brasil Um grupo de dogs do Instagram unidos em torno de um calend\u00e1rio de a\u00e7\u00f5es diferentonas e dispostos a surpreender os seguidores e mudar a cara das a\u00e7\u00f5es no Mercado Pet! Ursinhos ChowChow Prince e Maya,&hellip;&nbsp;Continue a ler &raquo;Sobre\" \/>\n<meta property=\"og:url\" content=\"https:\/\/vetex.vet.br\/blog\/sobre\/\" \/>\n<meta property=\"og:site_name\" content=\"Blog VETEX\" \/>\n<meta property=\"article:modified_time\" content=\"2021-03-02T17:24:45+00:00\" \/>\n<meta property=\"og:image\" content=\"https:\/\/vetex.vet.br\/blog\/wp-content\/uploads\/2021\/01\/logo-author-matilha-brasil.jpg\" \/>\n<meta name=\"twitter:card\" content=\"summary_large_image\" \/>\n<meta name=\"twitter:label1\" content=\"Est. tempo de leitura\" \/>\n\t<meta name=\"twitter:data1\" content=\"2 minutos\" \/>\n<script type=\"application\/ld+json\" class=\"yoast-schema-graph\">{\"@context\":\"https:\/\/schema.org\",\"@graph\":[{\"@type\":\"WebSite\",\"@id\":\"https:\/\/vetex.vet.br\/blog\/#website\",\"url\":\"https:\/\/vetex.vet.br\/blog\/\",\"name\":\"Blog VETEX\",\"description\":\"Espa\\u00e7o dedicado a autores do universo Pet.\",\"potentialAction\":[{\"@type\":\"SearchAction\",\"target\":{\"@type\":\"EntryPoint\",\"urlTemplate\":\"https:\/\/vetex.vet.br\/blog\/?s={search_term_string}\"},\"query-input\":\"required name=search_term_string\"}],\"inLanguage\":\"pt-BR\"},{\"@type\":\"ImageObject\",\"@id\":\"https:\/\/vetex.vet.br\/blog\/sobre\/#primaryimage\",\"inLanguage\":\"pt-BR\",\"url\":\"https:\/\/vetex.vet.br\/blog\/wp-content\/uploads\/2021\/01\/logo-author-matilha-brasil.jpg\",\"contentUrl\":\"https:\/\/vetex.vet.br\/blog\/wp-content\/uploads\/2021\/01\/logo-author-matilha-brasil.jpg\",\"width\":446,\"height\":445,\"caption\":\"logo author matilha brasil\"},{\"@type\":\"WebPage\",\"@id\":\"https:\/\/vetex.vet.br\/blog\/sobre\/#webpage\",\"url\":\"https:\/\/vetex.vet.br\/blog\/sobre\/\",\"name\":\"Sobre - Blog VETEX\",\"isPartOf\":{\"@id\":\"https:\/\/vetex.vet.br\/blog\/#website\"},\"primaryImageOfPage\":{\"@id\":\"https:\/\/vetex.vet.br\/blog\/sobre\/#primaryimage\"},\"datePublished\":\"2021-03-02T16:57:38+00:00\",\"dateModified\":\"2021-03-02T17:24:45+00:00\",\"breadcrumb\":{\"@id\":\"https:\/\/vetex.vet.br\/blog\/sobre\/#breadcrumb\"},\"inLanguage\":\"pt-BR\",\"potentialAction\":[{\"@type\":\"ReadAction\",\"target\":[\"https:\/\/vetex.vet.br\/blog\/sobre\/\"]}]},{\"@type\":\"BreadcrumbList\",\"@id\":\"https:\/\/vetex.vet.br\/blog\/sobre\/#breadcrumb\",\"itemListElement\":[{\"@type\":\"ListItem\",\"position\":1,\"name\":\"In\\u00edcio\",\"item\":\"https:\/\/vetex.vet.br\/blog\/\"},{\"@type\":\"ListItem\",\"position\":2,\"name\":\"Sobre\"}]}]}<\/script>\n<!-- \/ Yoast SEO plugin. -->","_links":{"self":[{"href":"https:\/\/vetex.vet.br\/blog\/wp-json\/wp\/v2\/pages\/2890","targetHints":{"allow":["GET"]}}],"collection":[{"href":"https:\/\/vetex.vet.br\/blog\/wp-json\/wp\/v2\/pages"}],"about":[{"href":"https:\/\/vetex.vet.br\/blog\/wp-json\/wp\/v2\/types\/page"}],"author":[{"embeddable":true,"href":"https:\/\/vetex.vet.br\/blog\/wp-json\/wp\/v2\/users\/1"}],"replies":[{"embeddable":true,"href":"https:\/\/vetex.vet.br\/blog\/wp-json\/wp\/v2\/comments?post=2890"}],"version-history":[{"count":15,"href":"https:\/\/vetex.vet.br\/blog\/wp-json\/wp\/v2\/pages\/2890\/revisions"}],"predecessor-version":[{"id":3023,"href":"https:\/\/vetex.vet.br\/blog\/wp-json\/wp\/v2\/pages\/2890\/revisions\/3023"}],"wp:attachment":[{"href":"https:\/\/vetex.vet.br\/blog\/wp-json\/wp\/v2\/media?parent=2890"}],"curies":[{"name":"wp","href":"https:\/\/api.w.org\/{rel}","templated":true}]}}